{"id":3,"date":"2023-04-14T17:33:14","date_gmt":"2023-04-14T17:33:14","guid":{"rendered":"http:\/\/ehlendergisi.com\/?page_id=3"},"modified":"2023-04-16T15:04:46","modified_gmt":"2023-04-16T15:04:46","slug":"privacy-policy","status":"publish","type":"page","link":"https:\/\/ehlendergisi.com\/index.php\/privacy-policy\/","title":{"rendered":"Gizlilik Politikas\u0131"},"content":{"rendered":"\n<p>Kod, haber, resim, r\u00f6portaj gibi her t\u00fcrl\u00fc i\u00e7eri\u011finin t\u00fcm telif haklar\u0131\u00a0<a href=\"http:\/\/ehlendergisi.com\">ehlendergisi.com<\/a>\u2019a aittir.\u00a0<a href=\"http:\/\/ehlendergisi.com\">ehlendergisi.com<\/a> sitesinde yer alan b\u00fct\u00fcn yaz\u0131lar, materyaller, resimler, ses dosyalar\u0131, animasyonlar, videolar, dizayn, tasar\u0131m ve d\u00fczenlemelerimizin telif haklar\u0131 5846 numaral\u0131 yasa telif haklar\u0131 korunmaktad\u0131r. Bunlar\u00a0<a href=\"http:\/\/ehlendergisi.com\">ehlendergisi.com<\/a>\u2019un yaz\u0131l\u0131 izni olmaks\u0131z\u0131n ticari olarak herhangi bir \u015fekilde kopyalanamaz, da\u011f\u0131t\u0131lamaz, de\u011fi\u015ftirilemez, yay\u0131nlanamaz. \u0130zinsiz ve kaynak belirtilmeksizin kopyalama ve kullan\u0131m\u0131 yap\u0131lamaz.<br><a href=\"http:\/\/ehlendergisi.com\">ehlendergisi.com<\/a>&#8216;daki harici linkler ayr\u0131 bir sayfada a\u00e7\u0131l\u0131r. Yay\u0131nlanan yaz\u0131 ve yorumlardan yazarlar\u0131 sorumludur.\u00a0<a href=\"http:\/\/ehlendergisi.com\">ehlendergisi.com<\/a>\u2019da hi\u00e7bir bildirim yapmadan, herhangi bir zaman de\u011fi\u015fikli\u011fe gidebilir. Bu sitedeki bilgilerden kaynakl\u0131 hatalar\u0131n hi\u00e7birinden sorumlu de\u011fildir.<\/p>\n\n\n\n<p><strong>PR\u0130VACY POL\u0130CY<\/strong><\/p>\n\n\n\n<p>We will keep your information confidential except where disclosure is required or permitted by law (for example to government bodies and law enforcement agencies). Generally, we will only use your information within the\u00a0<a href=\"http:\/\/ehlendergisi.com\">ehlendergisi.com<\/a>. However, sometimes the\u00a0<a href=\"http:\/\/ehlendergisi.com\">ehlendergisi.com<\/a>\u00a0uses third parties to process your information.\u00a0<a href=\"http:\/\/ehlendergisi.com\">ehlendergisi.com<\/a>\u00a0requires these third parties to comply strictly with its instructions and the sitenizinadresi.com requires that they do not use your personal information for their own business purposes, unless you have explicitly consented to the use of your personal information in this way. When you interact with the\u00a0<a href=\"http:\/\/ehlendergisi.com\">ehlendergisi.com<\/a>\u00a0we sometimes receive personal information about you. For example, if you write to us or sign up to a newsletter, you might tell us who you are, how we can contact you and what you think of the sitenizinadresi.com and its services. When you use sitenizinadresi.com online services, we use cookies and collect IP addresses. You can find out more about this in the\u00a0<a href=\"http:\/\/ehlendergisi.com\">ehlendergisi.com\u00a0<\/a>cookies section of our full Privacy Policy.<\/p>\n\n\n\n<h3 class=\"wp-block-heading\">\u00c7erezler (Cookies)<\/h3>\n\n\n\n<p>Sitemizden en iyi \u015fekilde faydalanabilmeniz i\u00e7in \u00e7erezler kullan\u0131lmaktad\u0131r. Bu siteye giri\u015f yaparak \u00e7erez kullan\u0131m\u0131n\u0131 kabul etmi\u015f say\u0131l\u0131yorsunuz.<\/p>\n\n\n\n<p>We use cookies to ensure that we give you the best experience on our website. If you continue to use this site we will assume that you are happy with it.<\/p>\n","protected":false},"excerpt":{"rendered":"<p>Kod, haber, resim, r\u00f6portaj gibi her t\u00fcrl\u00fc i\u00e7eri\u011finin t\u00fcm telif haklar\u0131\u00a0ehlendergisi.com\u2019a aittir.\u00a0ehlendergisi.com sitesinde yer alan b\u00fct\u00fcn yaz\u0131lar, materyaller, resimler, ses dosyalar\u0131, animasyonlar, videolar, dizayn, tasar\u0131m ve d\u00fczenlemelerimizin telif haklar\u0131 5846 numaral\u0131 yasa telif haklar\u0131 korunmaktad\u0131r. Bunlar\u00a0ehlendergisi.com\u2019un yaz\u0131l\u0131 izni olmaks\u0131z\u0131n ticari olarak herhangi bir \u015fekilde kopyalanamaz, da\u011f\u0131t\u0131lamaz, de\u011fi\u015ftirilemez, yay\u0131nlanamaz. \u0130zinsiz ve kaynak belirtilmeksizin kopyalama ve kullan\u0131m\u0131 [&hellip;]<\/p>\n","protected":false},"author":1,"featured_media":0,"parent":0,"menu_order":0,"comment_status":"closed","ping_status":"open","template":"","meta":{"tdm_status":"","tdm_grid_status":"","footnotes":""},"class_list":["post-3","page","type-page","status-publish"],"yoast_head":"<!-- This site is optimized with the Yoast SEO plugin v26.6 - https:\/\/yoast.com\/wordpress\/plugins\/seo\/ -->\n<title>Gizlilik Politikas\u0131 - ehlen<\/title>\n<meta name=\"robots\" content=\"index, follow, max-snippet:-1, max-image-preview:large, max-video-preview:-1\" \/>\n<link rel=\"canonical\" href=\"http:\/\/ehlendergisi.com\/index.php\/privacy-policy\/\" \/>\n<meta property=\"og:locale\" content=\"tr_TR\" \/>\n<meta property=\"og:type\" content=\"article\" \/>\n<meta property=\"og:title\" content=\"Gizlilik Politikas\u0131 - ehlen\" \/>\n<meta property=\"og:description\" content=\"Kod, haber, resim, r\u00f6portaj gibi her t\u00fcrl\u00fc i\u00e7eri\u011finin t\u00fcm telif haklar\u0131\u00a0ehlendergisi.com\u2019a aittir.\u00a0ehlendergisi.com sitesinde yer alan b\u00fct\u00fcn yaz\u0131lar, materyaller, resimler, ses dosyalar\u0131, animasyonlar, videolar, dizayn, tasar\u0131m ve d\u00fczenlemelerimizin telif haklar\u0131 5846 numaral\u0131 yasa telif haklar\u0131 korunmaktad\u0131r. Bunlar\u00a0ehlendergisi.com\u2019un yaz\u0131l\u0131 izni olmaks\u0131z\u0131n ticari olarak herhangi bir \u015fekilde kopyalanamaz, da\u011f\u0131t\u0131lamaz, de\u011fi\u015ftirilemez, yay\u0131nlanamaz. \u0130zinsiz ve kaynak belirtilmeksizin kopyalama ve kullan\u0131m\u0131 [&hellip;]\" \/>\n<meta property=\"og:url\" content=\"http:\/\/ehlendergisi.com\/index.php\/privacy-policy\/\" \/>\n<meta property=\"og:site_name\" content=\"ehlen\" \/>\n<meta property=\"article:publisher\" content=\"https:\/\/www.facebook.com\/ehlendergisi\/?locale=tr_TR\" \/>\n<meta property=\"article:modified_time\" content=\"2023-04-16T15:04:46+00:00\" \/>\n<meta name=\"twitter:card\" content=\"summary_large_image\" \/>\n<meta name=\"twitter:site\" content=\"@yenidenehlen\" \/>\n<meta name=\"twitter:label1\" content=\"Tahmini okuma s\u00fcresi\" \/>\n\t<meta name=\"twitter:data1\" content=\"2 dakika\" \/>\n<script type=\"application\/ld+json\" class=\"yoast-schema-graph\">{\"@context\":\"https:\/\/schema.org\",\"@graph\":[{\"@type\":\"WebPage\",\"@id\":\"http:\/\/ehlendergisi.com\/index.php\/privacy-policy\/\",\"url\":\"http:\/\/ehlendergisi.com\/index.php\/privacy-policy\/\",\"name\":\"Gizlilik Politikas\u0131 - ehlen\",\"isPartOf\":{\"@id\":\"https:\/\/ehlendergisi.com\/#website\"},\"datePublished\":\"2023-04-14T17:33:14+00:00\",\"dateModified\":\"2023-04-16T15:04:46+00:00\",\"breadcrumb\":{\"@id\":\"http:\/\/ehlendergisi.com\/index.php\/privacy-policy\/#breadcrumb\"},\"inLanguage\":\"tr\",\"potentialAction\":[{\"@type\":\"ReadAction\",\"target\":[\"http:\/\/ehlendergisi.com\/index.php\/privacy-policy\/\"]}]},{\"@type\":\"BreadcrumbList\",\"@id\":\"http:\/\/ehlendergisi.com\/index.php\/privacy-policy\/#breadcrumb\",\"itemListElement\":[{\"@type\":\"ListItem\",\"position\":1,\"name\":\"Anasayfa\",\"item\":\"http:\/\/ehlendergisi.com\/\"},{\"@type\":\"ListItem\",\"position\":2,\"name\":\"Gizlilik Politikas\u0131\"}]},{\"@type\":\"WebSite\",\"@id\":\"https:\/\/ehlendergisi.com\/#website\",\"url\":\"https:\/\/ehlendergisi.com\/\",\"name\":\"ehlen\",\"description\":\"k\u00fclt\u00fcr, sanat, siyaset dergisi\",\"publisher\":{\"@id\":\"https:\/\/ehlendergisi.com\/#organization\"},\"potentialAction\":[{\"@type\":\"SearchAction\",\"target\":{\"@type\":\"EntryPoint\",\"urlTemplate\":\"https:\/\/ehlendergisi.com\/?s={search_term_string}\"},\"query-input\":{\"@type\":\"PropertyValueSpecification\",\"valueRequired\":true,\"valueName\":\"search_term_string\"}}],\"inLanguage\":\"tr\"},{\"@type\":\"Organization\",\"@id\":\"https:\/\/ehlendergisi.com\/#organization\",\"name\":\"ehlen\",\"url\":\"https:\/\/ehlendergisi.com\/\",\"logo\":{\"@type\":\"ImageObject\",\"inLanguage\":\"tr\",\"@id\":\"https:\/\/ehlendergisi.com\/#\/schema\/logo\/image\/\",\"url\":\"https:\/\/ehlendergisi.com\/wp-content\/uploads\/2023\/06\/IMG_9500404081E2-1-2.jpeg\",\"contentUrl\":\"https:\/\/ehlendergisi.com\/wp-content\/uploads\/2023\/06\/IMG_9500404081E2-1-2.jpeg\",\"width\":2560,\"height\":1341,\"caption\":\"ehlen\"},\"image\":{\"@id\":\"https:\/\/ehlendergisi.com\/#\/schema\/logo\/image\/\"},\"sameAs\":[\"https:\/\/www.facebook.com\/ehlendergisi\/?locale=tr_TR\",\"https:\/\/x.com\/yenidenehlen\"]}]}<\/script>\n<!-- \/ Yoast SEO plugin. -->","yoast_head_json":{"title":"Gizlilik Politikas\u0131 - ehlen","robots":{"index":"index","follow":"follow","max-snippet":"max-snippet:-1","max-image-preview":"max-image-preview:large","max-video-preview":"max-video-preview:-1"},"canonical":"http:\/\/ehlendergisi.com\/index.php\/privacy-policy\/","og_locale":"tr_TR","og_type":"article","og_title":"Gizlilik Politikas\u0131 - ehlen","og_description":"Kod, haber, resim, r\u00f6portaj gibi her t\u00fcrl\u00fc i\u00e7eri\u011finin t\u00fcm telif haklar\u0131\u00a0ehlendergisi.com\u2019a aittir.\u00a0ehlendergisi.com sitesinde yer alan b\u00fct\u00fcn yaz\u0131lar, materyaller, resimler, ses dosyalar\u0131, animasyonlar, videolar, dizayn, tasar\u0131m ve d\u00fczenlemelerimizin telif haklar\u0131 5846 numaral\u0131 yasa telif haklar\u0131 korunmaktad\u0131r. Bunlar\u00a0ehlendergisi.com\u2019un yaz\u0131l\u0131 izni olmaks\u0131z\u0131n ticari olarak herhangi bir \u015fekilde kopyalanamaz, da\u011f\u0131t\u0131lamaz, de\u011fi\u015ftirilemez, yay\u0131nlanamaz. \u0130zinsiz ve kaynak belirtilmeksizin kopyalama ve kullan\u0131m\u0131 [&hellip;]","og_url":"http:\/\/ehlendergisi.com\/index.php\/privacy-policy\/","og_site_name":"ehlen","article_publisher":"https:\/\/www.facebook.com\/ehlendergisi\/?locale=tr_TR","article_modified_time":"2023-04-16T15:04:46+00:00","twitter_card":"summary_large_image","twitter_site":"@yenidenehlen","twitter_misc":{"Tahmini okuma s\u00fcresi":"2 dakika"},"schema":{"@context":"https:\/\/schema.org","@graph":[{"@type":"WebPage","@id":"http:\/\/ehlendergisi.com\/index.php\/privacy-policy\/","url":"http:\/\/ehlendergisi.com\/index.php\/privacy-policy\/","name":"Gizlilik Politikas\u0131 - ehlen","isPartOf":{"@id":"https:\/\/ehlendergisi.com\/#website"},"datePublished":"2023-04-14T17:33:14+00:00","dateModified":"2023-04-16T15:04:46+00:00","breadcrumb":{"@id":"http:\/\/ehlendergisi.com\/index.php\/privacy-policy\/#breadcrumb"},"inLanguage":"tr","potentialAction":[{"@type":"ReadAction","target":["http:\/\/ehlendergisi.com\/index.php\/privacy-policy\/"]}]},{"@type":"BreadcrumbList","@id":"http:\/\/ehlendergisi.com\/index.php\/privacy-policy\/#breadcrumb","itemListElement":[{"@type":"ListItem","position":1,"name":"Anasayfa","item":"http:\/\/ehlendergisi.com\/"},{"@type":"ListItem","position":2,"name":"Gizlilik Politikas\u0131"}]},{"@type":"WebSite","@id":"https:\/\/ehlendergisi.com\/#website","url":"https:\/\/ehlendergisi.com\/","name":"ehlen","description":"k\u00fclt\u00fcr, sanat, siyaset dergisi","publisher":{"@id":"https:\/\/ehlendergisi.com\/#organization"},"potentialAction":[{"@type":"SearchAction","target":{"@type":"EntryPoint","urlTemplate":"https:\/\/ehlendergisi.com\/?s={search_term_string}"},"query-input":{"@type":"PropertyValueSpecification","valueRequired":true,"valueName":"search_term_string"}}],"inLanguage":"tr"},{"@type":"Organization","@id":"https:\/\/ehlendergisi.com\/#organization","name":"ehlen","url":"https:\/\/ehlendergisi.com\/","logo":{"@type":"ImageObject","inLanguage":"tr","@id":"https:\/\/ehlendergisi.com\/#\/schema\/logo\/image\/","url":"https:\/\/ehlendergisi.com\/wp-content\/uploads\/2023\/06\/IMG_9500404081E2-1-2.jpeg","contentUrl":"https:\/\/ehlendergisi.com\/wp-content\/uploads\/2023\/06\/IMG_9500404081E2-1-2.jpeg","width":2560,"height":1341,"caption":"ehlen"},"image":{"@id":"https:\/\/ehlendergisi.com\/#\/schema\/logo\/image\/"},"sameAs":["https:\/\/www.facebook.com\/ehlendergisi\/?locale=tr_TR","https:\/\/x.com\/yenidenehlen"]}]}},"amp_enabled":true,"_links":{"self":[{"href":"https:\/\/ehlendergisi.com\/index.php\/wp-json\/wp\/v2\/pages\/3","targetHints":{"allow":["GET"]}}],"collection":[{"href":"https:\/\/ehlendergisi.com\/index.php\/wp-json\/wp\/v2\/pages"}],"about":[{"href":"https:\/\/ehlendergisi.com\/index.php\/wp-json\/wp\/v2\/types\/page"}],"author":[{"embeddable":true,"href":"https:\/\/ehlendergisi.com\/index.php\/wp-json\/wp\/v2\/users\/1"}],"replies":[{"embeddable":true,"href":"https:\/\/ehlendergisi.com\/index.php\/wp-json\/wp\/v2\/comments?post=3"}],"version-history":[{"count":2,"href":"https:\/\/ehlendergisi.com\/index.php\/wp-json\/wp\/v2\/pages\/3\/revisions"}],"predecessor-version":[{"id":13,"href":"https:\/\/ehlendergisi.com\/index.php\/wp-json\/wp\/v2\/pages\/3\/revisions\/13"}],"wp:attachment":[{"href":"https:\/\/ehlendergisi.com\/index.php\/wp-json\/wp\/v2\/media?parent=3"}],"curies":[{"name":"wp","href":"https:\/\/api.w.org\/{rel}","templated":true}]}}